{"id":568,"date":"2018-10-31T22:50:33","date_gmt":"2018-10-31T21:50:33","guid":{"rendered":"https:\/\/www.nidodisole.it\/wp\/?page_id=568"},"modified":"2019-02-01T11:46:24","modified_gmt":"2019-02-01T10:46:24","slug":"assistenza-al-travaglio-e-parto-a-domicilio","status":"publish","type":"page","link":"https:\/\/www.nidodisole.it\/index.php\/servizi-2\/assistenza-al-travaglio-e-parto-a-domicilio\/","title":{"rendered":"Assistenza al travaglio e parto a domicilio"},"content":{"rendered":"\t\t<div data-elementor-type=\"wp-post\" data-elementor-id=\"568\" class=\"elementor elementor-568 elementor-bc-flex-widget\">\n\t\t\t\t\t\t\t\t\t<section class=\"elementor-section elementor-top-section elementor-element elementor-element-6e2139c elementor-section-boxed elementor-section-height-default elementor-section-height-default\" data-id=\"6e2139c\" data-element_type=\"section\">\n\t\t\t\t\t\t<div class=\"elementor-container elementor-column-gap-default\">\n\t\t\t\t\t<div class=\"elementor-column elementor-col-100 elementor-top-column elementor-element elementor-element-dc0e28a\" data-id=\"dc0e28a\" data-element_type=\"column\">\n\t\t\t<div class=\"elementor-widget-wrap\">\n\t\t\t\t\t\t\t\t\t<\/div>\n\t\t<\/div>\n\t\t\t\t\t\t\t<\/div>\n\t\t<\/section>\n\t\t\t\t<section class=\"elementor-section elementor-top-section elementor-element elementor-element-7c24168c elementor-section-full_width elementor-section-height-min-height elementor-section-content-top elementor-section-height-default elementor-section-items-middle\" data-id=\"7c24168c\" data-element_type=\"section\" data-settings=\"{&quot;background_background&quot;:&quot;classic&quot;}\">\n\t\t\t\t\t\t\t<div class=\"elementor-background-overlay\"><\/div>\n\t\t\t\t\t\t\t<div class=\"elementor-container elementor-column-gap-default\">\n\t\t\t\t\t<div class=\"elementor-column elementor-col-100 elementor-top-column elementor-element elementor-element-4f45b3b3\" data-id=\"4f45b3b3\" data-element_type=\"column\">\n\t\t\t<div class=\"elementor-widget-wrap\">\n\t\t\t\t\t\t\t\t\t<\/div>\n\t\t<\/div>\n\t\t\t\t\t\t\t<\/div>\n\t\t<\/section>\n\t\t\t\t<section class=\"elementor-section elementor-top-section elementor-element elementor-element-408f60 elementor-section-boxed elementor-section-height-default elementor-section-height-default\" data-id=\"408f60\" data-element_type=\"section\">\n\t\t\t\t\t\t<div class=\"elementor-container elementor-column-gap-default\">\n\t\t\t\t\t<div class=\"elementor-column elementor-col-50 elementor-top-column elementor-element elementor-element-66af5a4\" data-id=\"66af5a4\" data-element_type=\"column\">\n\t\t\t<div class=\"elementor-widget-wrap elementor-element-populated\">\n\t\t\t\t\t\t\t\t<div class=\"elementor-element elementor-element-2f45be8b elementor-widget elementor-widget-heading\" data-id=\"2f45be8b\" data-element_type=\"widget\" data-widget_type=\"heading.default\">\n\t\t\t\t<div class=\"elementor-widget-container\">\n\t\t\t<h2 class=\"elementor-heading-title elementor-size-default\">Assistenza al travaglio e parto a domicilio (anche in acqua)<\/h2>\t\t<\/div>\n\t\t\t\t<\/div>\n\t\t\t\t\t<\/div>\n\t\t<\/div>\n\t\t\t\t<div class=\"elementor-column elementor-col-50 elementor-top-column elementor-element elementor-element-3b62706c\" data-id=\"3b62706c\" data-element_type=\"column\">\n\t\t\t<div class=\"elementor-widget-wrap\">\n\t\t\t\t\t\t\t\t\t<\/div>\n\t\t<\/div>\n\t\t\t\t\t\t\t<\/div>\n\t\t<\/section>\n\t\t\t\t<section class=\"elementor-section elementor-top-section elementor-element elementor-element-557f1c0 elementor-section-boxed elementor-section-height-default elementor-section-height-default\" data-id=\"557f1c0\" data-element_type=\"section\">\n\t\t\t\t\t\t<div class=\"elementor-container elementor-column-gap-default\">\n\t\t\t\t\t<div class=\"elementor-column elementor-col-50 elementor-top-column elementor-element elementor-element-23600872\" data-id=\"23600872\" data-element_type=\"column\">\n\t\t\t<div class=\"elementor-widget-wrap\">\n\t\t\t\t\t\t\t\t\t<\/div>\n\t\t<\/div>\n\t\t\t\t<div class=\"elementor-column elementor-col-50 elementor-top-column elementor-element elementor-element-d3e2b53\" data-id=\"d3e2b53\" data-element_type=\"column\">\n\t\t\t<div class=\"elementor-widget-wrap elementor-element-populated\">\n\t\t\t\t\t\t\t\t<div class=\"elementor-element elementor-element-1f26887a elementor-widget elementor-widget-text-editor\" data-id=\"1f26887a\" data-element_type=\"widget\" data-widget_type=\"text-editor.default\">\n\t\t\t\t<div class=\"elementor-widget-container\">\n\t\t\t\t\t\t\t<p>Puoi scegliere di partorire nella sicurezza e nell&#8217;intimit\u00e0 della tua casa. . <br \/>Assisto nascite a domicilio insieme ad una collega ostetrica nel rispetto dei tempi di mamma e bambino, dell&#8217;intimit\u00e0 della famiglia e della coppia, vigilando sempre sul benessere e la salute di entrambi. Nel partorire in casa sei libera di poterti muovere come meglio credi, di fare ci\u00f2 che senti in piena libert\u00e0, di avere accanto chi desideri e di accogliere, insieme al pap\u00e0, il tuo bambino nell&#8217;intimit\u00e0 della sua casa.<br \/>Porteremo con noi anche una piscina perch\u00e9 tu possa scegliere anche di partorire in acqua se lo desideri. L&#8217;acqua infatti facilit\u00e0 la progressione del travaglio e del parto, attenuando la percezione del dolore e sostenendo il tuo perineo, riducendo le lacerazione.<br \/>Applichiamo la legge regionale 27 luglio 1998, n\u00b0 22 (diritti della partoriente e del nuovo nato) che sostiene economicamente le coppie che decidono di far nascere il proprio bambino in casa.<\/p>\t\t\t\t\t\t<\/div>\n\t\t\t\t<\/div>\n\t\t\t\t\t<\/div>\n\t\t<\/div>\n\t\t\t\t\t\t\t<\/div>\n\t\t<\/section>\n\t\t\t\t\t\t\t<\/div>\n\t\t","protected":false},"excerpt":{"rendered":"<p>Assistenza al travaglio e parto a domicilio (anche in acqua) Puoi scegliere di partorire nella sicurezza e nell&#8217;intimit\u00e0 della tua casa. . [&hellip;]<\/p>\n","protected":false},"author":1,"featured_media":0,"parent":613,"menu_order":0,"comment_status":"closed","ping_status":"closed","template":"page-templates\/page_front-page.php","meta":{"footnotes":""},"yoast_head":"<!-- This site is optimized with the Yoast SEO plugin v21.6 - https:\/\/yoast.com\/wordpress\/plugins\/seo\/ -->\n<title>Assistenza al travaglio e parto a domicilio - Un nido di sole<\/title>\n<meta name=\"robots\" content=\"index, follow, max-snippet:-1, max-image-preview:large, max-video-preview:-1\" \/>\n<link rel=\"canonical\" href=\"https:\/\/www.nidodisole.it\/index.php\/servizi-2\/assistenza-al-travaglio-e-parto-a-domicilio\/\" \/>\n<meta property=\"og:locale\" content=\"it_IT\" \/>\n<meta property=\"og:type\" content=\"article\" \/>\n<meta property=\"og:title\" content=\"Assistenza al travaglio e parto a domicilio - Un nido di sole\" \/>\n<meta property=\"og:description\" content=\"Assistenza al travaglio e parto a domicilio (anche in acqua) Puoi scegliere di partorire nella sicurezza e nell&#8217;intimit\u00e0 della tua casa. . [&hellip;]\" \/>\n<meta property=\"og:url\" content=\"https:\/\/www.nidodisole.it\/index.php\/servizi-2\/assistenza-al-travaglio-e-parto-a-domicilio\/\" \/>\n<meta property=\"og:site_name\" content=\"Un nido di sole\" \/>\n<meta property=\"article:publisher\" content=\"https:\/\/www.facebook.com\/UN-NIDO-DI-SOLE-Centro-Maternit%c3%a0-297761266980064\/\" \/>\n<meta property=\"article:modified_time\" content=\"2019-02-01T10:46:24+00:00\" \/>\n<meta property=\"og:image\" content=\"https:\/\/www.nidodisole.it\/wp-content\/uploads\/2018\/08\/love-3315769_1920-e1537868291901.jpg\" \/>\n\t<meta property=\"og:image:width\" content=\"1920\" \/>\n\t<meta property=\"og:image:height\" content=\"1080\" \/>\n\t<meta property=\"og:image:type\" content=\"image\/jpeg\" \/>\n<meta name=\"twitter:card\" content=\"summary_large_image\" \/>\n<meta name=\"twitter:label1\" content=\"Tempo di lettura stimato\" \/>\n\t<meta name=\"twitter:data1\" content=\"1 minuto\" \/>\n<script type=\"application\/ld+json\" class=\"yoast-schema-graph\">{\"@context\":\"https:\/\/schema.org\",\"@graph\":[{\"@type\":\"WebPage\",\"@id\":\"https:\/\/www.nidodisole.it\/index.php\/servizi-2\/assistenza-al-travaglio-e-parto-a-domicilio\/\",\"url\":\"https:\/\/www.nidodisole.it\/index.php\/servizi-2\/assistenza-al-travaglio-e-parto-a-domicilio\/\",\"name\":\"Assistenza al travaglio e parto a domicilio - Un nido di sole\",\"isPartOf\":{\"@id\":\"https:\/\/www.nidodisole.it\/#website\"},\"datePublished\":\"2018-10-31T21:50:33+00:00\",\"dateModified\":\"2019-02-01T10:46:24+00:00\",\"breadcrumb\":{\"@id\":\"https:\/\/www.nidodisole.it\/index.php\/servizi-2\/assistenza-al-travaglio-e-parto-a-domicilio\/#breadcrumb\"},\"inLanguage\":\"it-IT\",\"potentialAction\":[{\"@type\":\"ReadAction\",\"target\":[\"https:\/\/www.nidodisole.it\/index.php\/servizi-2\/assistenza-al-travaglio-e-parto-a-domicilio\/\"]}]},{\"@type\":\"BreadcrumbList\",\"@id\":\"https:\/\/www.nidodisole.it\/index.php\/servizi-2\/assistenza-al-travaglio-e-parto-a-domicilio\/#breadcrumb\",\"itemListElement\":[{\"@type\":\"ListItem\",\"position\":1,\"name\":\"Home\",\"item\":\"https:\/\/www.nidodisole.it\/\"},{\"@type\":\"ListItem\",\"position\":2,\"name\":\"Servizi\",\"item\":\"https:\/\/www.nidodisole.it\/index.php\/servizi-2\/\"},{\"@type\":\"ListItem\",\"position\":3,\"name\":\"Assistenza al travaglio e parto a domicilio\"}]},{\"@type\":\"WebSite\",\"@id\":\"https:\/\/www.nidodisole.it\/#website\",\"url\":\"https:\/\/www.nidodisole.it\/\",\"name\":\"Un nido di sole - Centro maternit\u00e0\",\"description\":\"centro maternit\u00e0\",\"potentialAction\":[{\"@type\":\"SearchAction\",\"target\":{\"@type\":\"EntryPoint\",\"urlTemplate\":\"https:\/\/www.nidodisole.it\/?s={search_term_string}\"},\"query-input\":\"required name=search_term_string\"}],\"inLanguage\":\"it-IT\"}]}<\/script>\n<!-- \/ Yoast SEO plugin. -->","yoast_head_json":{"title":"Assistenza al travaglio e parto a domicilio - Un nido di sole","robots":{"index":"index","follow":"follow","max-snippet":"max-snippet:-1","max-image-preview":"max-image-preview:large","max-video-preview":"max-video-preview:-1"},"canonical":"https:\/\/www.nidodisole.it\/index.php\/servizi-2\/assistenza-al-travaglio-e-parto-a-domicilio\/","og_locale":"it_IT","og_type":"article","og_title":"Assistenza al travaglio e parto a domicilio - Un nido di sole","og_description":"Assistenza al travaglio e parto a domicilio (anche in acqua) Puoi scegliere di partorire nella sicurezza e nell&#8217;intimit\u00e0 della tua casa. . [&hellip;]","og_url":"https:\/\/www.nidodisole.it\/index.php\/servizi-2\/assistenza-al-travaglio-e-parto-a-domicilio\/","og_site_name":"Un nido di sole","article_publisher":"https:\/\/www.facebook.com\/UN-NIDO-DI-SOLE-Centro-Maternit%c3%a0-297761266980064\/","article_modified_time":"2019-02-01T10:46:24+00:00","og_image":[{"width":1920,"height":1080,"url":"https:\/\/www.nidodisole.it\/wp-content\/uploads\/2018\/08\/love-3315769_1920-e1537868291901.jpg","type":"image\/jpeg"}],"twitter_card":"summary_large_image","twitter_misc":{"Tempo di lettura stimato":"1 minuto"},"schema":{"@context":"https:\/\/schema.org","@graph":[{"@type":"WebPage","@id":"https:\/\/www.nidodisole.it\/index.php\/servizi-2\/assistenza-al-travaglio-e-parto-a-domicilio\/","url":"https:\/\/www.nidodisole.it\/index.php\/servizi-2\/assistenza-al-travaglio-e-parto-a-domicilio\/","name":"Assistenza al travaglio e parto a domicilio - Un nido di sole","isPartOf":{"@id":"https:\/\/www.nidodisole.it\/#website"},"datePublished":"2018-10-31T21:50:33+00:00","dateModified":"2019-02-01T10:46:24+00:00","breadcrumb":{"@id":"https:\/\/www.nidodisole.it\/index.php\/servizi-2\/assistenza-al-travaglio-e-parto-a-domicilio\/#breadcrumb"},"inLanguage":"it-IT","potentialAction":[{"@type":"ReadAction","target":["https:\/\/www.nidodisole.it\/index.php\/servizi-2\/assistenza-al-travaglio-e-parto-a-domicilio\/"]}]},{"@type":"BreadcrumbList","@id":"https:\/\/www.nidodisole.it\/index.php\/servizi-2\/assistenza-al-travaglio-e-parto-a-domicilio\/#breadcrumb","itemListElement":[{"@type":"ListItem","position":1,"name":"Home","item":"https:\/\/www.nidodisole.it\/"},{"@type":"ListItem","position":2,"name":"Servizi","item":"https:\/\/www.nidodisole.it\/index.php\/servizi-2\/"},{"@type":"ListItem","position":3,"name":"Assistenza al travaglio e parto a domicilio"}]},{"@type":"WebSite","@id":"https:\/\/www.nidodisole.it\/#website","url":"https:\/\/www.nidodisole.it\/","name":"Un nido di sole - Centro maternit\u00e0","description":"centro maternit\u00e0","potentialAction":[{"@type":"SearchAction","target":{"@type":"EntryPoint","urlTemplate":"https:\/\/www.nidodisole.it\/?s={search_term_string}"},"query-input":"required name=search_term_string"}],"inLanguage":"it-IT"}]}},"_links":{"self":[{"href":"https:\/\/www.nidodisole.it\/index.php\/wp-json\/wp\/v2\/pages\/568"}],"collection":[{"href":"https:\/\/www.nidodisole.it\/index.php\/wp-json\/wp\/v2\/pages"}],"about":[{"href":"https:\/\/www.nidodisole.it\/index.php\/wp-json\/wp\/v2\/types\/page"}],"author":[{"embeddable":true,"href":"https:\/\/www.nidodisole.it\/index.php\/wp-json\/wp\/v2\/users\/1"}],"replies":[{"embeddable":true,"href":"https:\/\/www.nidodisole.it\/index.php\/wp-json\/wp\/v2\/comments?post=568"}],"version-history":[{"count":6,"href":"https:\/\/www.nidodisole.it\/index.php\/wp-json\/wp\/v2\/pages\/568\/revisions"}],"predecessor-version":[{"id":1180,"href":"https:\/\/www.nidodisole.it\/index.php\/wp-json\/wp\/v2\/pages\/568\/revisions\/1180"}],"up":[{"embeddable":true,"href":"https:\/\/www.nidodisole.it\/index.php\/wp-json\/wp\/v2\/pages\/613"}],"wp:attachment":[{"href":"https:\/\/www.nidodisole.it\/index.php\/wp-json\/wp\/v2\/media?parent=568"}],"curies":[{"name":"wp","href":"https:\/\/api.w.org\/{rel}","templated":true}]}}